{"id":479,"date":"2021-05-26T21:41:34","date_gmt":"2021-05-26T19:41:34","guid":{"rendered":"https:\/\/www.bareadesign.com\/?page_id=479"},"modified":"2021-06-11T14:46:57","modified_gmt":"2021-06-11T12:46:57","slug":"about","status":"publish","type":"page","link":"https:\/\/www.bareadesign.com\/?page_id=479","title":{"rendered":"About"},"content":{"rendered":"\t\t<div data-elementor-type=\"wp-page\" data-elementor-id=\"479\" class=\"elementor elementor-479\">\n\t\t\t\t\t\t<div class=\"elementor-inner\">\n\t\t\t\t<div class=\"elementor-section-wrap\">\n\t\t\t\t\t\t\t\t\t<section class=\"elementor-section elementor-top-section elementor-element elementor-element-c9e71b6 elementor-section-boxed elementor-section-height-default elementor-section-height-default\" data-id=\"c9e71b6\" data-element_type=\"section\">\n\t\t\t\t\t\t<div class=\"elementor-container elementor-column-gap-default\">\n\t\t\t\t\t\t\t<div class=\"elementor-row\">\n\t\t\t\t\t<div class=\"elementor-column elementor-col-100 elementor-top-column elementor-element elementor-element-017b7e6\" data-id=\"017b7e6\" data-element_type=\"column\">\n\t\t\t<div class=\"elementor-column-wrap elementor-element-populated\">\n\t\t\t\t\t\t\t<div class=\"elementor-widget-wrap\">\n\t\t\t\t\t\t<div class=\"elementor-element elementor-element-88d6514 elementor-widget elementor-widget-image\" data-id=\"88d6514\" data-element_type=\"widget\" data-widget_type=\"image.default\">\n\t\t\t\t<div class=\"elementor-widget-container\">\n\t\t\t\t\t\t\t\t<div class=\"elementor-image\">\n\t\t\t\t\t\t\t\t\t\t\t\t<img decoding=\"async\" width=\"1024\" height=\"724\" src=\"https:\/\/www.bareadesign.com\/wp-content\/uploads\/2021\/06\/FOTOS-DUOTONO-copia-1024x724.jpg\" class=\"attachment-large size-large\" alt=\"\" srcset=\"https:\/\/www.bareadesign.com\/wp-content\/uploads\/2021\/06\/FOTOS-DUOTONO-copia-1024x724.jpg 1024w, https:\/\/www.bareadesign.com\/wp-content\/uploads\/2021\/06\/FOTOS-DUOTONO-copia-300x212.jpg 300w, https:\/\/www.bareadesign.com\/wp-content\/uploads\/2021\/06\/FOTOS-DUOTONO-copia-768x543.jpg 768w, https:\/\/www.bareadesign.com\/wp-content\/uploads\/2021\/06\/FOTOS-DUOTONO-copia-1536x1086.jpg 1536w, https:\/\/www.bareadesign.com\/wp-content\/uploads\/2021\/06\/FOTOS-DUOTONO-copia-2048x1448.jpg 2048w, https:\/\/www.bareadesign.com\/wp-content\/uploads\/2021\/06\/FOTOS-DUOTONO-copia-scaled.jpg 1920w\" sizes=\"(max-width: 1024px) 100vw, 1024px\" \/>\t\t\t\t\t\t\t\t\t\t\t\t\t\t<\/div>\n\t\t\t\t\t\t<\/div>\n\t\t\t\t<\/div>\n\t\t\t\t\t\t<\/div>\n\t\t\t\t\t<\/div>\n\t\t<\/div>\n\t\t\t\t\t\t\t\t<\/div>\n\t\t\t\t\t<\/div>\n\t\t<\/section>\n\t\t\t\t<section class=\"elementor-section elementor-top-section elementor-element elementor-element-da777b2 elementor-section-boxed elementor-section-height-default elementor-section-height-default\" data-id=\"da777b2\" data-element_type=\"section\">\n\t\t\t\t\t\t<div class=\"elementor-container elementor-column-gap-default\">\n\t\t\t\t\t\t\t<div class=\"elementor-row\">\n\t\t\t\t\t<div class=\"elementor-column elementor-col-100 elementor-top-column elementor-element elementor-element-4ea1969\" data-id=\"4ea1969\" data-element_type=\"column\">\n\t\t\t<div class=\"elementor-column-wrap elementor-element-populated\">\n\t\t\t\t\t\t\t<div class=\"elementor-widget-wrap\">\n\t\t\t\t\t\t<div class=\"elementor-element elementor-element-e005943 elementor-widget elementor-widget-text-editor\" data-id=\"e005943\" data-element_type=\"widget\" data-widget_type=\"text-editor.default\">\n\t\t\t\t<div class=\"elementor-widget-container\">\n\t\t\t\t\t\t\t\t<div class=\"elementor-text-editor elementor-clearfix\">\n\t\t\t\t<p>Breatividad \u00bfSabes lo que es?<\/p><p>\u00a1Hola! Soy Jos\u00e9 Luis Barea, pero mucho m\u00e1s Barea que Jos\u00e9 Luis, \u00a1Te lo explico para que me conozcas m\u00e1s a\u00fan!<\/p><p>Nac\u00ed en la famosa \u201cciudad del tajo\u201d (Ronda), ubicada en el interior de la provincia de M\u00e1laga, donde todo el mundo, y ahora t\u00fa tambi\u00e9n, me conoce por mi apellido tan caracter\u00edstico.<\/p><p>Desde peque\u00f1o, soy un apasionado del arte audiovisual, fan\u00e1tico del \u201ccacharreo\u201d, ordenadores y por qu\u00e9 no decirlo, tambi\u00e9n un loco de la m\u00fasica. Por todo ello, puedo decir hoy d\u00eda que mi mayor hobbie es mi trabajo. El caf\u00e9 y yo, somos inseparables, un fiel amigo con el comenzar el d\u00eda dispuesto a seguir creando y dando forma a nuevos retos de dise\u00f1o y estar bien atento a las necesidades de mis clientes.<\/p><p>A\u00fan recuerdo mi primer ordenador, un regalo \u00fanico para alguien como yo. Gracias a ese momento pude empezar a empaparme con programas de edici\u00f3n que tanto me atra\u00edan. Este fue el punto de partida con el que comenc\u00e9 a sentirme poco a poco m\u00e1s realizado.<\/p>\t\t\t\t\t<\/div>\n\t\t\t\t\t\t<\/div>\n\t\t\t\t<\/div>\n\t\t\t\t\t\t<\/div>\n\t\t\t\t\t<\/div>\n\t\t<\/div>\n\t\t\t\t\t\t\t\t<\/div>\n\t\t\t\t\t<\/div>\n\t\t<\/section>\n\t\t\t\t<section class=\"elementor-section elementor-top-section elementor-element elementor-element-2d5ab15 elementor-section-boxed elementor-section-height-default elementor-section-height-default\" data-id=\"2d5ab15\" data-element_type=\"section\">\n\t\t\t\t\t\t<div class=\"elementor-container elementor-column-gap-default\">\n\t\t\t\t\t\t\t<div class=\"elementor-row\">\n\t\t\t\t\t<div class=\"elementor-column elementor-col-100 elementor-top-column elementor-element elementor-element-289770e\" data-id=\"289770e\" data-element_type=\"column\">\n\t\t\t<div class=\"elementor-column-wrap elementor-element-populated\">\n\t\t\t\t\t\t\t<div class=\"elementor-widget-wrap\">\n\t\t\t\t\t\t<div class=\"elementor-element elementor-element-b34feef elementor-widget elementor-widget-image\" data-id=\"b34feef\" data-element_type=\"widget\" data-widget_type=\"image.default\">\n\t\t\t\t<div class=\"elementor-widget-container\">\n\t\t\t\t\t\t\t\t<div class=\"elementor-image\">\n\t\t\t\t\t\t\t\t\t\t\t\t<img decoding=\"async\" width=\"1024\" height=\"724\" src=\"https:\/\/www.bareadesign.com\/wp-content\/uploads\/2021\/06\/FOTOS-DUOTONO-1-copia-1024x724.jpg\" class=\"attachment-large size-large\" alt=\"\" srcset=\"https:\/\/www.bareadesign.com\/wp-content\/uploads\/2021\/06\/FOTOS-DUOTONO-1-copia-1024x724.jpg 1024w, https:\/\/www.bareadesign.com\/wp-content\/uploads\/2021\/06\/FOTOS-DUOTONO-1-copia-300x212.jpg 300w, https:\/\/www.bareadesign.com\/wp-content\/uploads\/2021\/06\/FOTOS-DUOTONO-1-copia-768x543.jpg 768w, https:\/\/www.bareadesign.com\/wp-content\/uploads\/2021\/06\/FOTOS-DUOTONO-1-copia-1536x1086.jpg 1536w, https:\/\/www.bareadesign.com\/wp-content\/uploads\/2021\/06\/FOTOS-DUOTONO-1-copia-2048x1448.jpg 2048w, https:\/\/www.bareadesign.com\/wp-content\/uploads\/2021\/06\/FOTOS-DUOTONO-1-copia-scaled.jpg 1920w\" sizes=\"(max-width: 1024px) 100vw, 1024px\" \/>\t\t\t\t\t\t\t\t\t\t\t\t\t\t<\/div>\n\t\t\t\t\t\t<\/div>\n\t\t\t\t<\/div>\n\t\t\t\t\t\t<\/div>\n\t\t\t\t\t<\/div>\n\t\t<\/div>\n\t\t\t\t\t\t\t\t<\/div>\n\t\t\t\t\t<\/div>\n\t\t<\/section>\n\t\t\t\t<section class=\"elementor-section elementor-top-section elementor-element elementor-element-560bd6f elementor-section-boxed elementor-section-height-default elementor-section-height-default\" data-id=\"560bd6f\" data-element_type=\"section\">\n\t\t\t\t\t\t<div class=\"elementor-container elementor-column-gap-default\">\n\t\t\t\t\t\t\t<div class=\"elementor-row\">\n\t\t\t\t\t<div class=\"elementor-column elementor-col-100 elementor-top-column elementor-element elementor-element-d30ed53\" data-id=\"d30ed53\" data-element_type=\"column\">\n\t\t\t<div class=\"elementor-column-wrap elementor-element-populated\">\n\t\t\t\t\t\t\t<div class=\"elementor-widget-wrap\">\n\t\t\t\t\t\t<div class=\"elementor-element elementor-element-09328f6 elementor-widget elementor-widget-text-editor\" data-id=\"09328f6\" data-element_type=\"widget\" data-widget_type=\"text-editor.default\">\n\t\t\t\t<div class=\"elementor-widget-container\">\n\t\t\t\t\t\t\t\t<div class=\"elementor-text-editor elementor-clearfix\">\n\t\t\t\t<p>Llegado el momento, me sumerg\u00ed en el mundo de las artes gr\u00e1ficas cursando el G.S. de Audiovisuales y Espect\u00e1culos. Desde entonces, mi formaci\u00f3n siempre ha sido un libro en el que he ido escribiendo constantemente nuevas p\u00e1ginas. En la actualidad, he finalizado un M\u00e1ster de Dise\u00f1o Gr\u00e1fico y Preimpresi\u00f3n en la Escuela Gauss Multimedia, en M\u00e1laga.<\/p><p>Profesionalmente, 2013 supuso el comienzo por cuenta propia de multitud de proyectos c\u00f3mo fot\u00f3grafo, vide\u00f3grafo y dise\u00f1ador en eventos con artistas de primer nivel nacional y reconocidas empresas, entre las que podr\u00eda destacar Campus Unicaja y Sala Aliatar.<\/p><p>Hoy d\u00eda, mi marca personal y yo somos uno. Tanto es as\u00ed, que la letra \u201cb\u201d, por la que tanto se me reconoce, la tengo muy interiorizada en \u201cmi mundo de creatividad\u201d al que me gusta llamar \u201cbreatividad\u201d.<\/p><p>\u00a1Espero que con esta breve descripci\u00f3n sientas que me conoces un poco m\u00e1s! Ahora, me gustar\u00eda conocerte a ti, para que entre caf\u00e9 y caf\u00e9 pueda ayudarte a arrancar tu proyecto con mi experiencia en lo audiovisual, en dise\u00f1o o en fotograf\u00eda.<\/p><p>\u00bfTrabajamos?<\/p>\t\t\t\t\t<\/div>\n\t\t\t\t\t\t<\/div>\n\t\t\t\t<\/div>\n\t\t\t\t\t\t<\/div>\n\t\t\t\t\t<\/div>\n\t\t<\/div>\n\t\t\t\t\t\t\t\t<\/div>\n\t\t\t\t\t<\/div>\n\t\t<\/section>\n\t\t\t\t<section class=\"elementor-section elementor-top-section elementor-element elementor-element-45ec1fb elementor-section-boxed elementor-section-height-default elementor-section-height-default\" data-id=\"45ec1fb\" data-element_type=\"section\">\n\t\t\t\t\t\t<div class=\"elementor-container elementor-column-gap-default\">\n\t\t\t\t\t\t\t<div class=\"elementor-row\">\n\t\t\t\t\t<div class=\"elementor-column elementor-col-100 elementor-top-column elementor-element elementor-element-03707e6\" data-id=\"03707e6\" data-element_type=\"column\">\n\t\t\t<div class=\"elementor-column-wrap elementor-element-populated\">\n\t\t\t\t\t\t\t<div class=\"elementor-widget-wrap\">\n\t\t\t\t\t\t<div class=\"elementor-element elementor-element-ff07d44 elementor-widget elementor-widget-image\" data-id=\"ff07d44\" data-element_type=\"widget\" data-widget_type=\"image.default\">\n\t\t\t\t<div class=\"elementor-widget-container\">\n\t\t\t\t\t\t\t\t<div class=\"elementor-image\">\n\t\t\t\t\t\t\t\t\t\t\t\t<img decoding=\"async\" width=\"1024\" height=\"724\" src=\"https:\/\/www.bareadesign.com\/wp-content\/uploads\/2021\/06\/d-1024x724.jpg\" class=\"attachment-large size-large\" alt=\"\" srcset=\"https:\/\/www.bareadesign.com\/wp-content\/uploads\/2021\/06\/d-1024x724.jpg 1024w, https:\/\/www.bareadesign.com\/wp-content\/uploads\/2021\/06\/d-300x212.jpg 300w, https:\/\/www.bareadesign.com\/wp-content\/uploads\/2021\/06\/d-768x543.jpg 768w, https:\/\/www.bareadesign.com\/wp-content\/uploads\/2021\/06\/d-1536x1086.jpg 1536w, https:\/\/www.bareadesign.com\/wp-content\/uploads\/2021\/06\/d-2048x1448.jpg 2048w, https:\/\/www.bareadesign.com\/wp-content\/uploads\/2021\/06\/d-scaled.jpg 1920w\" sizes=\"(max-width: 1024px) 100vw, 1024px\" \/>\t\t\t\t\t\t\t\t\t\t\t\t\t\t<\/div>\n\t\t\t\t\t\t<\/div>\n\t\t\t\t<\/div>\n\t\t\t\t\t\t<\/div>\n\t\t\t\t\t<\/div>\n\t\t<\/div>\n\t\t\t\t\t\t\t\t<\/div>\n\t\t\t\t\t<\/div>\n\t\t<\/section>\n\t\t\t\t\t\t\t\t\t<\/div>\n\t\t\t<\/div>\n\t\t\t\t\t<\/div>\n\t\t","protected":false},"excerpt":{"rendered":"<p>Breatividad \u00bfSabes lo que es? \u00a1Hola! Soy Jos\u00e9 Luis Barea, pero mucho m\u00e1s Barea que Jos\u00e9 Luis, \u00a1Te lo explico para que me conozcas m\u00e1s a\u00fan! Nac\u00ed en la famosa \u201cciudad del tajo\u201d (Ronda), ubicada en el interior de la provincia de M\u00e1laga, donde todo el mundo, y ahora t\u00fa tambi\u00e9n, me conoce por mi &hellip;<\/p>\n<p class=\"read-more\"> <a class=\"\" href=\"https:\/\/www.bareadesign.com\/?page_id=479\"> <span class=\"screen-reader-text\">About<\/span> Leer m\u00e1s \u00bb<\/a><\/p>\n","protected":false},"author":1,"featured_media":0,"parent":0,"menu_order":0,"comment_status":"closed","ping_status":"closed","template":"","meta":{"site-sidebar-layout":"no-sidebar","site-content-layout":"page-builder","ast-main-header-display":"","ast-hfb-above-header-display":"","ast-hfb-below-header-display":"","ast-hfb-mobile-header-display":"","site-post-title":"disabled","ast-breadcrumbs-content":"","ast-featured-img":"disabled","footer-sml-layout":"","theme-transparent-header-meta":"","adv-header-id-meta":"","stick-header-meta":"","header-above-stick-meta":"","header-main-stick-meta":"","header-below-stick-meta":"","footnotes":""},"class_list":["post-479","page","type-page","status-publish","hentry"],"yoast_head":"<!-- This site is optimized with the Yoast SEO plugin v18.5 - https:\/\/yoast.com\/wordpress\/plugins\/seo\/ -->\n<title>About - bareadesign<\/title>\n<meta name=\"robots\" content=\"index, follow, max-snippet:-1, max-image-preview:large, max-video-preview:-1\" \/>\n<link rel=\"canonical\" href=\"https:\/\/www.bareadesign.com\/?page_id=479\" \/>\n<meta property=\"og:locale\" content=\"es_ES\" \/>\n<meta property=\"og:type\" content=\"article\" \/>\n<meta property=\"og:title\" content=\"About - bareadesign\" \/>\n<meta property=\"og:description\" content=\"Breatividad \u00bfSabes lo que es? \u00a1Hola! Soy Jos\u00e9 Luis Barea, pero mucho m\u00e1s Barea que Jos\u00e9 Luis, \u00a1Te lo explico para que me conozcas m\u00e1s a\u00fan! Nac\u00ed en la famosa \u201cciudad del tajo\u201d (Ronda), ubicada en el interior de la provincia de M\u00e1laga, donde todo el mundo, y ahora t\u00fa tambi\u00e9n, me conoce por mi &hellip; About Leer m\u00e1s \u00bb\" \/>\n<meta property=\"og:url\" content=\"https:\/\/www.bareadesign.com\/?page_id=479\" \/>\n<meta property=\"og:site_name\" content=\"bareadesign\" \/>\n<meta property=\"article:modified_time\" content=\"2021-06-11T12:46:57+00:00\" \/>\n<meta property=\"og:image\" content=\"https:\/\/www.bareadesign.com\/wp-content\/uploads\/2021\/06\/FOTOS-DUOTONO-copia-1024x724.jpg\" \/>\n<meta name=\"twitter:card\" content=\"summary_large_image\" \/>\n<meta name=\"twitter:label1\" content=\"Tiempo de lectura\" \/>\n\t<meta name=\"twitter:data1\" content=\"2 minutos\" \/>\n<script type=\"application\/ld+json\" class=\"yoast-schema-graph\">{\"@context\":\"https:\/\/schema.org\",\"@graph\":[{\"@type\":[\"Person\",\"Organization\"],\"@id\":\"https:\/\/www.bareadesign.com\/#\/schema\/person\/235883ea6cc24eef9c62e0407bc8307e\",\"name\":\"bareadesign\",\"image\":{\"@type\":\"ImageObject\",\"@id\":\"https:\/\/www.bareadesign.com\/#personlogo\",\"inLanguage\":\"es\",\"url\":\"https:\/\/secure.gravatar.com\/avatar\/7f82b4eb18a19268963801726abcb2df405d232d700152c8cb8f54c840149782?s=96&d=mm&r=g\",\"contentUrl\":\"https:\/\/secure.gravatar.com\/avatar\/7f82b4eb18a19268963801726abcb2df405d232d700152c8cb8f54c840149782?s=96&d=mm&r=g\",\"caption\":\"bareadesign\"},\"logo\":{\"@id\":\"https:\/\/www.bareadesign.com\/#personlogo\"},\"sameAs\":[\"http:\/\/bareadesign.com\"]},{\"@type\":\"WebSite\",\"@id\":\"https:\/\/www.bareadesign.com\/#website\",\"url\":\"https:\/\/www.bareadesign.com\/\",\"name\":\"bareadesign\",\"description\":\"\",\"publisher\":{\"@id\":\"https:\/\/www.bareadesign.com\/#\/schema\/person\/235883ea6cc24eef9c62e0407bc8307e\"},\"potentialAction\":[{\"@type\":\"SearchAction\",\"target\":{\"@type\":\"EntryPoint\",\"urlTemplate\":\"https:\/\/www.bareadesign.com\/?s={search_term_string}\"},\"query-input\":\"required name=search_term_string\"}],\"inLanguage\":\"es\"},{\"@type\":\"ImageObject\",\"@id\":\"https:\/\/www.bareadesign.com\/?page_id=479#primaryimage\",\"inLanguage\":\"es\",\"url\":\"https:\/\/www.bareadesign.com\/wp-content\/uploads\/2021\/06\/FOTOS-DUOTONO-copia-1024x724.jpg\",\"contentUrl\":\"https:\/\/www.bareadesign.com\/wp-content\/uploads\/2021\/06\/FOTOS-DUOTONO-copia-1024x724.jpg\"},{\"@type\":\"WebPage\",\"@id\":\"https:\/\/www.bareadesign.com\/?page_id=479#webpage\",\"url\":\"https:\/\/www.bareadesign.com\/?page_id=479\",\"name\":\"About - bareadesign\",\"isPartOf\":{\"@id\":\"https:\/\/www.bareadesign.com\/#website\"},\"primaryImageOfPage\":{\"@id\":\"https:\/\/www.bareadesign.com\/?page_id=479#primaryimage\"},\"datePublished\":\"2021-05-26T19:41:34+00:00\",\"dateModified\":\"2021-06-11T12:46:57+00:00\",\"breadcrumb\":{\"@id\":\"https:\/\/www.bareadesign.com\/?page_id=479#breadcrumb\"},\"inLanguage\":\"es\",\"potentialAction\":[{\"@type\":\"ReadAction\",\"target\":[\"https:\/\/www.bareadesign.com\/?page_id=479\"]}]},{\"@type\":\"BreadcrumbList\",\"@id\":\"https:\/\/www.bareadesign.com\/?page_id=479#breadcrumb\",\"itemListElement\":[{\"@type\":\"ListItem\",\"position\":1,\"name\":\"Portada\",\"item\":\"https:\/\/www.bareadesign.com\/\"},{\"@type\":\"ListItem\",\"position\":2,\"name\":\"About\"}]}]}<\/script>\n<!-- \/ Yoast SEO plugin. -->","yoast_head_json":{"title":"About - bareadesign","robots":{"index":"index","follow":"follow","max-snippet":"max-snippet:-1","max-image-preview":"max-image-preview:large","max-video-preview":"max-video-preview:-1"},"canonical":"https:\/\/www.bareadesign.com\/?page_id=479","og_locale":"es_ES","og_type":"article","og_title":"About - bareadesign","og_description":"Breatividad \u00bfSabes lo que es? \u00a1Hola! Soy Jos\u00e9 Luis Barea, pero mucho m\u00e1s Barea que Jos\u00e9 Luis, \u00a1Te lo explico para que me conozcas m\u00e1s a\u00fan! Nac\u00ed en la famosa \u201cciudad del tajo\u201d (Ronda), ubicada en el interior de la provincia de M\u00e1laga, donde todo el mundo, y ahora t\u00fa tambi\u00e9n, me conoce por mi &hellip; About Leer m\u00e1s \u00bb","og_url":"https:\/\/www.bareadesign.com\/?page_id=479","og_site_name":"bareadesign","article_modified_time":"2021-06-11T12:46:57+00:00","og_image":[{"url":"https:\/\/www.bareadesign.com\/wp-content\/uploads\/2021\/06\/FOTOS-DUOTONO-copia-1024x724.jpg"}],"twitter_card":"summary_large_image","twitter_misc":{"Tiempo de lectura":"2 minutos"},"schema":{"@context":"https:\/\/schema.org","@graph":[{"@type":["Person","Organization"],"@id":"https:\/\/www.bareadesign.com\/#\/schema\/person\/235883ea6cc24eef9c62e0407bc8307e","name":"bareadesign","image":{"@type":"ImageObject","@id":"https:\/\/www.bareadesign.com\/#personlogo","inLanguage":"es","url":"https:\/\/secure.gravatar.com\/avatar\/7f82b4eb18a19268963801726abcb2df405d232d700152c8cb8f54c840149782?s=96&d=mm&r=g","contentUrl":"https:\/\/secure.gravatar.com\/avatar\/7f82b4eb18a19268963801726abcb2df405d232d700152c8cb8f54c840149782?s=96&d=mm&r=g","caption":"bareadesign"},"logo":{"@id":"https:\/\/www.bareadesign.com\/#personlogo"},"sameAs":["http:\/\/bareadesign.com"]},{"@type":"WebSite","@id":"https:\/\/www.bareadesign.com\/#website","url":"https:\/\/www.bareadesign.com\/","name":"bareadesign","description":"","publisher":{"@id":"https:\/\/www.bareadesign.com\/#\/schema\/person\/235883ea6cc24eef9c62e0407bc8307e"},"potentialAction":[{"@type":"SearchAction","target":{"@type":"EntryPoint","urlTemplate":"https:\/\/www.bareadesign.com\/?s={search_term_string}"},"query-input":"required name=search_term_string"}],"inLanguage":"es"},{"@type":"ImageObject","@id":"https:\/\/www.bareadesign.com\/?page_id=479#primaryimage","inLanguage":"es","url":"https:\/\/www.bareadesign.com\/wp-content\/uploads\/2021\/06\/FOTOS-DUOTONO-copia-1024x724.jpg","contentUrl":"https:\/\/www.bareadesign.com\/wp-content\/uploads\/2021\/06\/FOTOS-DUOTONO-copia-1024x724.jpg"},{"@type":"WebPage","@id":"https:\/\/www.bareadesign.com\/?page_id=479#webpage","url":"https:\/\/www.bareadesign.com\/?page_id=479","name":"About - bareadesign","isPartOf":{"@id":"https:\/\/www.bareadesign.com\/#website"},"primaryImageOfPage":{"@id":"https:\/\/www.bareadesign.com\/?page_id=479#primaryimage"},"datePublished":"2021-05-26T19:41:34+00:00","dateModified":"2021-06-11T12:46:57+00:00","breadcrumb":{"@id":"https:\/\/www.bareadesign.com\/?page_id=479#breadcrumb"},"inLanguage":"es","potentialAction":[{"@type":"ReadAction","target":["https:\/\/www.bareadesign.com\/?page_id=479"]}]},{"@type":"BreadcrumbList","@id":"https:\/\/www.bareadesign.com\/?page_id=479#breadcrumb","itemListElement":[{"@type":"ListItem","position":1,"name":"Portada","item":"https:\/\/www.bareadesign.com\/"},{"@type":"ListItem","position":2,"name":"About"}]}]}},"_links":{"self":[{"href":"https:\/\/www.bareadesign.com\/index.php?rest_route=\/wp\/v2\/pages\/479","targetHints":{"allow":["GET"]}}],"collection":[{"href":"https:\/\/www.bareadesign.com\/index.php?rest_route=\/wp\/v2\/pages"}],"about":[{"href":"https:\/\/www.bareadesign.com\/index.php?rest_route=\/wp\/v2\/types\/page"}],"author":[{"embeddable":true,"href":"https:\/\/www.bareadesign.com\/index.php?rest_route=\/wp\/v2\/users\/1"}],"replies":[{"embeddable":true,"href":"https:\/\/www.bareadesign.com\/index.php?rest_route=%2Fwp%2Fv2%2Fcomments&post=479"}],"version-history":[{"count":13,"href":"https:\/\/www.bareadesign.com\/index.php?rest_route=\/wp\/v2\/pages\/479\/revisions"}],"predecessor-version":[{"id":1529,"href":"https:\/\/www.bareadesign.com\/index.php?rest_route=\/wp\/v2\/pages\/479\/revisions\/1529"}],"wp:attachment":[{"href":"https:\/\/www.bareadesign.com\/index.php?rest_route=%2Fwp%2Fv2%2Fmedia&parent=479"}],"curies":[{"name":"wp","href":"https:\/\/api.w.org\/{rel}","templated":true}]}}